{"id":855,"date":"2018-12-20T11:35:07","date_gmt":"2018-12-20T11:35:07","guid":{"rendered":"https:\/\/chillingwithmama-leblog.com\/home\/"},"modified":"2024-03-24T10:49:18","modified_gmt":"2024-03-24T09:49:18","slug":"home","status":"publish","type":"page","link":"https:\/\/chillingwithmama-leblog.com\/en\/","title":{"rendered":"Home"},"content":{"rendered":"<div data-elementor-type=\"wp-post\" data-elementor-id=\"855\" class=\"elementor elementor-855\">\n\t\t\t\t<div class=\"elementor-element elementor-element-58ba0e5 e-flex e-con-boxed e-con e-parent\" data-id=\"58ba0e5\" data-element_type=\"container\" data-e-type=\"container\" data-settings=\"{&quot;background_background&quot;:&quot;classic&quot;}\">\n\t\t\t\t\t<div class=\"e-con-inner\">\n\t\t<div class=\"elementor-element elementor-element-0cf708e e-con-full e-flex e-con e-child\" data-id=\"0cf708e\" data-element_type=\"container\" data-e-type=\"container\">\n\t\t\t\t<div class=\"elementor-element elementor-element-71da1a3 elementor-widget__width-initial elementor-widget elementor-widget-heading\" data-id=\"71da1a3\" data-element_type=\"widget\" data-e-type=\"widget\" data-widget_type=\"heading.default\">\n\t\t\t\t<div class=\"elementor-widget-container\">\n\t\t\t\t\t<h1 class=\"elementor-heading-title elementor-size-default\">Welcome !<br><\/h1>\t\t\t\t<\/div>\n\t\t\t\t<\/div>\n\t\t\t\t<div class=\"elementor-element elementor-element-53f8fc9 elementor-mobile-align-center elementor-widget elementor-widget-button\" data-id=\"53f8fc9\" data-element_type=\"widget\" data-e-type=\"widget\" data-widget_type=\"button.default\">\n\t\t\t\t<div class=\"elementor-widget-container\">\n\t\t\t\t\t\t\t\t\t<div class=\"elementor-button-wrapper\">\n\t\t\t\t\t<a class=\"elementor-button elementor-button-link elementor-size-sm\" href=\"https:\/\/chillingwithmama-leblog.com\/en\/blog-2\/\">\n\t\t\t\t\t\t<span class=\"elementor-button-content-wrapper\">\n\t\t\t\t\t\t\t\t\t<span class=\"elementor-button-text\">VIEW ALL ARTICLES<\/span>\n\t\t\t\t\t<\/span>\n\t\t\t\t\t<\/a>\n\t\t\t\t<\/div>\n\t\t\t\t\t\t\t\t<\/div>\n\t\t\t\t<\/div>\n\t\t\t\t<\/div>\n\t\t\t\t\t<\/div>\n\t\t\t\t<\/div>\n\t\t<div class=\"elementor-element elementor-element-f80685b e-flex e-con-boxed e-con e-parent\" data-id=\"f80685b\" data-element_type=\"container\" data-e-type=\"container\">\n\t\t\t\t\t<div class=\"e-con-inner\">\n\t\t<div class=\"elementor-element elementor-element-997dbbd e-con-full e-flex e-con e-child\" data-id=\"997dbbd\" data-element_type=\"container\" data-e-type=\"container\">\n\t\t\t\t<div class=\"elementor-element elementor-element-2a49882 elementor-widget elementor-widget-image\" data-id=\"2a49882\" data-element_type=\"widget\" data-e-type=\"widget\" data-widget_type=\"image.default\">\n\t\t\t\t<div class=\"elementor-widget-container\">\n\t\t\t\t\t\t\t\t\t\t\t\t\t\t\t<img fetchpriority=\"high\" decoding=\"async\" width=\"300\" height=\"240\" src=\"https:\/\/chillingwithmama-leblog.com\/wp-content\/uploads\/2024\/03\/passport-map-world-2714675-300x240.jpg\" class=\"attachment-medium size-medium wp-image-3285\" alt=\"passport, map, world-2714675.jpg\" srcset=\"https:\/\/chillingwithmama-leblog.com\/wp-content\/uploads\/2024\/03\/passport-map-world-2714675-300x240.jpg 300w, https:\/\/chillingwithmama-leblog.com\/wp-content\/uploads\/2024\/03\/passport-map-world-2714675-1024x819.jpg 1024w, https:\/\/chillingwithmama-leblog.com\/wp-content\/uploads\/2024\/03\/passport-map-world-2714675-768x614.jpg 768w, https:\/\/chillingwithmama-leblog.com\/wp-content\/uploads\/2024\/03\/passport-map-world-2714675-15x12.jpg 15w, https:\/\/chillingwithmama-leblog.com\/wp-content\/uploads\/2024\/03\/passport-map-world-2714675.jpg 1280w\" sizes=\"(max-width: 300px) 100vw, 300px\" \/>\t\t\t\t\t\t\t\t\t\t\t\t\t\t\t<\/div>\n\t\t\t\t<\/div>\n\t\t\t\t<div class=\"elementor-element elementor-element-5e57e00 elementor-widget elementor-widget-heading\" data-id=\"5e57e00\" data-element_type=\"widget\" data-e-type=\"widget\" data-widget_type=\"heading.default\">\n\t\t\t\t<div class=\"elementor-widget-container\">\n\t\t\t\t\t<h4 class=\"elementor-heading-title elementor-size-default\">Food &amp; Travel<\/h4>\t\t\t\t<\/div>\n\t\t\t\t<\/div>\n\t\t\t\t<div class=\"elementor-element elementor-element-ee2a9da elementor-widget elementor-widget-text-editor\" data-id=\"ee2a9da\" data-element_type=\"widget\" data-e-type=\"widget\" data-widget_type=\"text-editor.default\">\n\t\t\t\t<div class=\"elementor-widget-container\">\n\t\t\t\t\t\t\t\t\t<p class=\"translation-block\">Top restaurant picks, travel tips, all gathered in one place.<\/p>\t\t\t\t\t\t\t\t<\/div>\n\t\t\t\t<\/div>\n\t\t\t\t<\/div>\n\t\t<div class=\"elementor-element elementor-element-dc8bfd7 e-con-full e-flex e-con e-child\" data-id=\"dc8bfd7\" data-element_type=\"container\" data-e-type=\"container\">\n\t\t\t\t<div class=\"elementor-element elementor-element-3b70698 elementor-widget__width-initial elementor-widget elementor-widget-image\" data-id=\"3b70698\" data-element_type=\"widget\" data-e-type=\"widget\" data-widget_type=\"image.default\">\n\t\t\t\t<div class=\"elementor-widget-container\">\n\t\t\t\t\t\t\t\t\t\t\t\t\t\t\t<img decoding=\"async\" width=\"300\" height=\"178\" src=\"https:\/\/chillingwithmama-leblog.com\/wp-content\/uploads\/2024\/03\/laptop-mockup-graphics-tablet-2838921-300x178.jpg\" class=\"attachment-medium size-medium wp-image-3295\" alt=\"laptop, mockup, graphics tablet-2838921.jpg\" srcset=\"https:\/\/chillingwithmama-leblog.com\/wp-content\/uploads\/2024\/03\/laptop-mockup-graphics-tablet-2838921-300x178.jpg 300w, https:\/\/chillingwithmama-leblog.com\/wp-content\/uploads\/2024\/03\/laptop-mockup-graphics-tablet-2838921-1024x609.jpg 1024w, https:\/\/chillingwithmama-leblog.com\/wp-content\/uploads\/2024\/03\/laptop-mockup-graphics-tablet-2838921-768x457.jpg 768w, https:\/\/chillingwithmama-leblog.com\/wp-content\/uploads\/2024\/03\/laptop-mockup-graphics-tablet-2838921-18x12.jpg 18w, https:\/\/chillingwithmama-leblog.com\/wp-content\/uploads\/2024\/03\/laptop-mockup-graphics-tablet-2838921.jpg 1280w\" sizes=\"(max-width: 300px) 100vw, 300px\" \/>\t\t\t\t\t\t\t\t\t\t\t\t\t\t\t<\/div>\n\t\t\t\t<\/div>\n\t\t\t\t<div class=\"elementor-element elementor-element-eca9e77 elementor-widget elementor-widget-heading\" data-id=\"eca9e77\" data-element_type=\"widget\" data-e-type=\"widget\" data-widget_type=\"heading.default\">\n\t\t\t\t<div class=\"elementor-widget-container\">\n\t\t\t\t\t<h4 class=\"elementor-heading-title elementor-size-default\">Life<\/h4>\t\t\t\t<\/div>\n\t\t\t\t<\/div>\n\t\t\t\t<div class=\"elementor-element elementor-element-6519e60 elementor-widget__width-initial elementor-widget elementor-widget-text-editor\" data-id=\"6519e60\" data-element_type=\"widget\" data-e-type=\"widget\" data-widget_type=\"text-editor.default\">\n\t\t\t\t<div class=\"elementor-widget-container\">\n\t\t\t\t\t\t\t\t\t<p>Well-being, personal and professional development (work, studies, internships).<\/p>\t\t\t\t\t\t\t\t<\/div>\n\t\t\t\t<\/div>\n\t\t\t\t<\/div>\n\t\t<div class=\"elementor-element elementor-element-01e7888 e-con-full e-flex e-con e-child\" data-id=\"01e7888\" data-element_type=\"container\" data-e-type=\"container\">\n\t\t\t\t<div class=\"elementor-element elementor-element-1f03107 elementor-widget elementor-widget-image\" data-id=\"1f03107\" data-element_type=\"widget\" data-e-type=\"widget\" data-widget_type=\"image.default\">\n\t\t\t\t<div class=\"elementor-widget-container\">\n\t\t\t\t\t\t\t\t\t\t\t\t\t\t\t<img decoding=\"async\" width=\"300\" height=\"200\" src=\"https:\/\/chillingwithmama-leblog.com\/wp-content\/uploads\/2024\/03\/reading-lake-summer-1698771-300x200.jpg\" class=\"attachment-medium size-medium wp-image-3307\" alt=\"reading, lake, summer-1698771.jpg\" srcset=\"https:\/\/chillingwithmama-leblog.com\/wp-content\/uploads\/2024\/03\/reading-lake-summer-1698771-300x200.jpg 300w, https:\/\/chillingwithmama-leblog.com\/wp-content\/uploads\/2024\/03\/reading-lake-summer-1698771-1024x682.jpg 1024w, https:\/\/chillingwithmama-leblog.com\/wp-content\/uploads\/2024\/03\/reading-lake-summer-1698771-768x512.jpg 768w, https:\/\/chillingwithmama-leblog.com\/wp-content\/uploads\/2024\/03\/reading-lake-summer-1698771-18x12.jpg 18w, https:\/\/chillingwithmama-leblog.com\/wp-content\/uploads\/2024\/03\/reading-lake-summer-1698771.jpg 1280w\" sizes=\"(max-width: 300px) 100vw, 300px\" \/>\t\t\t\t\t\t\t\t\t\t\t\t\t\t\t<\/div>\n\t\t\t\t<\/div>\n\t\t\t\t<div class=\"elementor-element elementor-element-54df5df elementor-widget elementor-widget-heading\" data-id=\"54df5df\" data-element_type=\"widget\" data-e-type=\"widget\" data-widget_type=\"heading.default\">\n\t\t\t\t<div class=\"elementor-widget-container\">\n\t\t\t\t\t<h4 class=\"elementor-heading-title elementor-size-default\">Tips<\/h4>\t\t\t\t<\/div>\n\t\t\t\t<\/div>\n\t\t\t\t<div class=\"elementor-element elementor-element-9f2fc56 elementor-widget elementor-widget-text-editor\" data-id=\"9f2fc56\" data-element_type=\"widget\" data-e-type=\"widget\" data-widget_type=\"text-editor.default\">\n\t\t\t\t<div class=\"elementor-widget-container\">\n\t\t\t\t\t\t\t\t\t<p><span style=\"text-align: var(--text-align); background-color: var(--ast-global-color-4); color: var(--ast-global-color-3); font-size: 1rem;\">Bookclub, movies and series, as well as shopping lists on various themes.\u00a0<\/span><\/p>\t\t\t\t\t\t\t\t<\/div>\n\t\t\t\t<\/div>\n\t\t\t\t<\/div>\n\t\t\t\t\t<\/div>\n\t\t\t\t<\/div>\n\t\t<div class=\"elementor-element elementor-element-cd93c93 e-flex e-con-boxed e-con e-parent\" data-id=\"cd93c93\" data-element_type=\"container\" data-e-type=\"container\" data-settings=\"{&quot;background_background&quot;:&quot;classic&quot;}\">\n\t\t\t\t\t<div class=\"e-con-inner\">\n\t\t\t\t\t<\/div>\n\t\t\t\t<\/div>\n\t\t\t\t<\/div>","protected":false},"excerpt":{"rendered":"<p>Bienvenue ! VOIR TOUS LES ARTICLES Food &amp; Travel Coups de coeurs\u00a0restaurants, astuces\u00a0voyages, tous r\u00e9unis au m\u00eame endroit. Life Bien-\u00eatre, [&hellip;]<\/p>\n","protected":false},"author":1,"featured_media":0,"parent":0,"menu_order":0,"comment_status":"closed","ping_status":"closed","template":"","meta":{"_uag_custom_page_level_css":"","site-sidebar-layout":"no-sidebar","site-content-layout":"page-builder","ast-site-content-layout":"full-width-container","site-content-style":"unboxed","site-sidebar-style":"unboxed","ast-global-header-display":"","ast-banner-title-visibility":"","ast-main-header-display":"","ast-hfb-above-header-display":"","ast-hfb-below-header-display":"","ast-hfb-mobile-header-display":"","site-post-title":"disabled","ast-breadcrumbs-content":"","ast-featured-img":"","footer-sml-layout":"","theme-transparent-header-meta":"disabled","adv-header-id-meta":"","stick-header-meta":"","header-above-stick-meta":"","header-main-stick-meta":"","header-below-stick-meta":"","astra-migrate-meta-layouts":"set","ast-page-background-enabled":"default","ast-page-background-meta":{"desktop":{"background-color":"","background-image":"","background-repeat":"repeat","background-position":"center center","background-size":"auto","background-attachment":"scroll","background-type":"","background-media":"","overlay-type":"","overlay-color":"","overlay-opacity":"","overlay-gradient":""},"tablet":{"background-color":"","background-image":"","background-repeat":"repeat","background-position":"center center","background-size":"auto","background-attachment":"scroll","background-type":"","background-media":"","overlay-type":"","overlay-color":"","overlay-opacity":"","overlay-gradient":""},"mobile":{"background-color":"","background-image":"","background-repeat":"repeat","background-position":"center center","background-size":"auto","background-attachment":"scroll","background-type":"","background-media":"","overlay-type":"","overlay-color":"","overlay-opacity":"","overlay-gradient":""}},"ast-content-background-meta":{"desktop":{"background-color":"var(--ast-global-color-5)","background-image":"","background-repeat":"repeat","background-position":"center center","background-size":"auto","background-attachment":"scroll","background-type":"","background-media":"","overlay-type":"","overlay-color":"","overlay-opacity":"","overlay-gradient":""},"tablet":{"background-color":"var(--ast-global-color-5)","background-image":"","background-repeat":"repeat","background-position":"center center","background-size":"auto","background-attachment":"scroll","background-type":"","background-media":"","overlay-type":"","overlay-color":"","overlay-opacity":"","overlay-gradient":""},"mobile":{"background-color":"var(--ast-global-color-5)","background-image":"","background-repeat":"repeat","background-position":"center center","background-size":"auto","background-attachment":"scroll","background-type":"","background-media":"","overlay-type":"","overlay-color":"","overlay-opacity":"","overlay-gradient":""}},"_kadence_starter_templates_imported_post":false,"footnotes":""},"class_list":["post-855","page","type-page","status-publish","hentry"],"uagb_featured_image_src":{"full":false,"thumbnail":false,"medium":false,"medium_large":false,"large":false,"1536x1536":false,"2048x2048":false,"trp-custom-language-flag":false},"uagb_author_info":{"display_name":"chillingwithmama-leblog.com","author_link":"https:\/\/chillingwithmama-leblog.com\/en\/author\/chillingwithmama-leblog-com\/"},"uagb_comment_info":0,"uagb_excerpt":"Bienvenue ! VOIR TOUS LES ARTICLES Food &amp; Travel Coups de coeurs\u00a0restaurants, astuces\u00a0voyages, tous r\u00e9unis au m\u00eame endroit. Life Bien-\u00eatre, [&hellip;]","_links":{"self":[{"href":"https:\/\/chillingwithmama-leblog.com\/en\/wp-json\/wp\/v2\/pages\/855","targetHints":{"allow":["GET"]}}],"collection":[{"href":"https:\/\/chillingwithmama-leblog.com\/en\/wp-json\/wp\/v2\/pages"}],"about":[{"href":"https:\/\/chillingwithmama-leblog.com\/en\/wp-json\/wp\/v2\/types\/page"}],"author":[{"embeddable":true,"href":"https:\/\/chillingwithmama-leblog.com\/en\/wp-json\/wp\/v2\/users\/1"}],"replies":[{"embeddable":true,"href":"https:\/\/chillingwithmama-leblog.com\/en\/wp-json\/wp\/v2\/comments?post=855"}],"version-history":[{"count":200,"href":"https:\/\/chillingwithmama-leblog.com\/en\/wp-json\/wp\/v2\/pages\/855\/revisions"}],"predecessor-version":[{"id":3449,"href":"https:\/\/chillingwithmama-leblog.com\/en\/wp-json\/wp\/v2\/pages\/855\/revisions\/3449"}],"wp:attachment":[{"href":"https:\/\/chillingwithmama-leblog.com\/en\/wp-json\/wp\/v2\/media?parent=855"}],"curies":[{"name":"wp","href":"https:\/\/api.w.org\/{rel}","templated":true}]}}